{"id":5833,"date":"2018-05-24T09:09:43","date_gmt":"2018-05-24T08:09:43","guid":{"rendered":"http:\/\/epmgastech.com\/?page_id=5833"},"modified":"2024-01-16T12:26:23","modified_gmt":"2024-01-16T11:26:23","slug":"politique-de-confidentialite","status":"publish","type":"page","link":"https:\/\/epmgastech.com\/fr\/politique-de-confidentialite\/","title":{"rendered":"Politique de confidentialit\u00e9"},"content":{"rendered":"<p><strong>1. Qui est responsable du traitement de vos donn\u00e9es personnelles ?<\/strong><\/p>\n<p>Responsable du traitement : GLOBAL GAS TECHNOLOGY S.A. Calle de la Mora 52, 08918 Badalona \u2013 Barcelone<\/p>\n<p>E-mail\u00a0:\u00a0info@epmgastech.com<\/p>\n<p><strong>2. Quelles sont les finalit\u00e9s pour lesquelles vous continuez \u00e0 traiter vos donn\u00e9es personnelles ?<\/strong><\/p>\n<p>Nous traitons les donn\u00e9es personnelles de nos contacts, clients et fournisseurs afin de g\u00e9rer la relation commerciale avec notre organisation et, notamment, les aspects contractuels, l&rsquo;envoi d&rsquo;informations sur notre organisation et le secteur, l&rsquo;organisation d&rsquo;activit\u00e9s, de campagnes ou d&rsquo;\u00e9v\u00e9nements. et l&rsquo;envoi de communications informatives et commerciales (y compris par voie \u00e9lectronique).<\/p>\n<p><strong>3. Combien de temps conserverons-nous vos donn\u00e9es personnelles ?<\/strong><\/p>\n<p>Les donn\u00e9es personnelles seront conserv\u00e9es pendant une dur\u00e9e de six (6) ans, conform\u00e9ment \u00e0 la r\u00e9glementation comptable en vigueur et, le cas \u00e9ch\u00e9ant, pendant dix (10) ans conform\u00e9ment \u00e0 la r\u00e9glementation relative \u00e0 la pr\u00e9vention du blanchiment d&rsquo;argent.<\/p>\n<p><strong>4. Quelle est la l\u00e9gitimit\u00e9 du traitement de vos donn\u00e9es personnelles ?<\/strong><\/p>\n<p>La base l\u00e9gitime du traitement des donn\u00e9es personnelles est l\u2019int\u00e9r\u00eat mutuel et le consentement de l\u2019utilisateur.<\/p>\n<p><strong>5. \u00c0 quels destinataires vos donn\u00e9es personnelles seront-elles communiqu\u00e9es ?<\/strong><\/p>\n<p>Les donn\u00e9es ne pourront \u00eatre communiqu\u00e9es qu&rsquo;\u00e0 des organismes tiers li\u00e9s \u00e0 GLOBAL GAS TECHNOLOGY S.A. dans le domaine de la gestion de ses produits et\/ou services aux m\u00eames fins mentionn\u00e9es ci-dessus, ainsi qu&rsquo;aux Administrations Publiques comp\u00e9tentes, lorsque la r\u00e9glementation en vigueur l&rsquo;exige.<\/p>\n<p>Les employ\u00e9s de GLOBAL GAS TECHNOLOGY S.A. qui disposent de droits d&rsquo;acc\u00e8s autoris\u00e9s selon la structure de s\u00e9curit\u00e9 interne de GLOBAL GAS TECHNOLOGY S.A. Ils peuvent acc\u00e9der \u00e0 vos donn\u00e9es personnelles avec les objectifs et finalit\u00e9s d\u00e9crits dans la pr\u00e9sente Politique de Confidentialit\u00e9. Tous les employ\u00e9s de GLOBAL GAS TECHNOLOGY S.A. Ils ont \u00e9t\u00e9 form\u00e9s et inform\u00e9s de leurs responsabilit\u00e9s \u00e0 cet \u00e9gard et signent l&rsquo;accord de confidentialit\u00e9 correspondant. De m\u00eame, des organismes tiers dont l&rsquo;intervention est requise et\/ou n\u00e9cessaire \u00e0 la bonne gestion de la fourniture du service pourront acc\u00e9der \u00e0 vos donn\u00e9es.<\/p>\n<p>GLOBAL GAS TECHNOLOGIE S.A. a \u00e9tabli des contrats ou des accords contractuels et des mesures de s\u00e9curit\u00e9 avec des tiers, pour garantir le niveau ad\u00e9quat de s\u00e9curit\u00e9 et de protection des donn\u00e9es personnelles tout au long de la cha\u00eene concern\u00e9e.<\/p>\n<p><strong>6. Quels sont vos droits par rapport \u00e0 vos donn\u00e9es personnelles ?<\/strong><\/p>\n<p>Vous pouvez \u00e0 tout moment demander l&rsquo;acc\u00e8s, la rectification, la suppression, la limitation du traitement, la portabilit\u00e9 et l&rsquo;opposition au traitement de vos donn\u00e9es personnelles.<\/p>\n<p>Vous pouvez r\u00e9voquer votre consentement \u00e0 l&rsquo;envoi de communications commerciales et exercer les droits mentionn\u00e9s ci-dessus, en envoyant un e-mail \u00e0 info@epmgastech.com accompagn\u00e9 d&rsquo;un justificatif de votre identit\u00e9. A l&rsquo;exception du fait que vous nous l&rsquo;avez d\u00e9j\u00e0 indiqu\u00e9 pr\u00e9c\u00e9demment en utilisant l&rsquo;option de d\u00e9sabonnement qui se trouve en bas des envois \u00e9lectroniques, auquel cas nous disposons d\u00e9j\u00e0 de cette information.<\/p>\n<p>Si vous n&rsquo;obtenez pas de r\u00e9ponse satisfaisante et souhaitez d\u00e9poser une r\u00e9clamation ou obtenir plus d&rsquo;informations sur l&rsquo;un de ces droits, vous pouvez contacter l&rsquo;Agence espagnole de protection des donn\u00e9es (www.agpd.es).<\/p>\n","protected":false},"excerpt":{"rendered":"<p>1. Qui est responsable du traitement de vos donn\u00e9es personnelles ? Responsable du traitement : GLOBAL GAS TECHNOLOGY S.A. Calle de la Mora 52, 08918 Badalona \u2013 Barcelone E-mail\u00a0:\u00a0info@epmgastech.com 2. Quelles sont les finalit\u00e9s pour lesquelles vous continuez \u00e0 traiter vos donn\u00e9es personnelles ? Nous traitons les donn\u00e9es personnelles de nos contacts, clients et fournisseurs [&hellip;]<\/p>\n","protected":false},"author":1,"featured_media":0,"parent":0,"menu_order":0,"comment_status":"closed","ping_status":"closed","template":"","meta":[],"_links":{"self":[{"href":"https:\/\/epmgastech.com\/fr\/wp-json\/wp\/v2\/pages\/5833"}],"collection":[{"href":"https:\/\/epmgastech.com\/fr\/wp-json\/wp\/v2\/pages"}],"about":[{"href":"https:\/\/epmgastech.com\/fr\/wp-json\/wp\/v2\/types\/page"}],"author":[{"embeddable":true,"href":"https:\/\/epmgastech.com\/fr\/wp-json\/wp\/v2\/users\/1"}],"replies":[{"embeddable":true,"href":"https:\/\/epmgastech.com\/fr\/wp-json\/wp\/v2\/comments?post=5833"}],"version-history":[{"count":5,"href":"https:\/\/epmgastech.com\/fr\/wp-json\/wp\/v2\/pages\/5833\/revisions"}],"predecessor-version":[{"id":25080,"href":"https:\/\/epmgastech.com\/fr\/wp-json\/wp\/v2\/pages\/5833\/revisions\/25080"}],"wp:attachment":[{"href":"https:\/\/epmgastech.com\/fr\/wp-json\/wp\/v2\/media?parent=5833"}],"curies":[{"name":"wp","href":"https:\/\/api.w.org\/{rel}","templated":true}]}}