{"id":25060,"date":"2024-01-16T11:50:16","date_gmt":"2024-01-16T10:50:16","guid":{"rendered":"https:\/\/epmgastech.com\/?page_id=25060"},"modified":"2025-02-18T09:28:29","modified_gmt":"2025-02-18T08:28:29","slug":"politique-de-securite-sante-environnement-et-qualite","status":"publish","type":"page","link":"https:\/\/epmgastech.com\/fr\/politique-de-securite-sante-environnement-et-qualite\/","title":{"rendered":"Politique de S\u00e9curit\u00e9, Sant\u00e9, Environnement et Qualit\u00e9"},"content":{"rendered":"\n\n\n<div class=\"wp-block-file\"><object class=\"wp-block-file__embed\" data=\"http:\/\/epmgastech.com\/wp-content\/uploads\/2025\/02\/Politica-integrada-v3-13.02.2025-POL-EPM-HSEQ-001-FR.pdf\" type=\"application\/pdf\" style=\"width:100%;height:600px\" aria-label=\"Contenu embarqu\u00e9 Politica integrada v3 13.02.2025 POL-EPM-HSEQ-001 FR.\"><\/object><a id=\"wp-block-file--media-64a463f6-c8ed-47e1-a9ed-01430ffaf5cf\" href=\"http:\/\/epmgastech.com\/wp-content\/uploads\/2025\/02\/Politica-integrada-v3-13.02.2025-POL-EPM-HSEQ-001-FR.pdf\">Politica integrada v3 13.02.2025 POL-EPM-HSEQ-001 FR<\/a><a href=\"http:\/\/epmgastech.com\/wp-content\/uploads\/2025\/02\/Politica-integrada-v3-13.02.2025-POL-EPM-HSEQ-001-FR.pdf\" class=\"wp-block-file__button wp-element-button\" download aria-describedby=\"wp-block-file--media-64a463f6-c8ed-47e1-a9ed-01430ffaf5cf\">Descarga<\/a><\/div>\n","protected":false},"excerpt":{"rendered":"","protected":false},"author":1,"featured_media":0,"parent":0,"menu_order":0,"comment_status":"closed","ping_status":"closed","template":"","meta":[],"_links":{"self":[{"href":"https:\/\/epmgastech.com\/fr\/wp-json\/wp\/v2\/pages\/25060"}],"collection":[{"href":"https:\/\/epmgastech.com\/fr\/wp-json\/wp\/v2\/pages"}],"about":[{"href":"https:\/\/epmgastech.com\/fr\/wp-json\/wp\/v2\/types\/page"}],"author":[{"embeddable":true,"href":"https:\/\/epmgastech.com\/fr\/wp-json\/wp\/v2\/users\/1"}],"replies":[{"embeddable":true,"href":"https:\/\/epmgastech.com\/fr\/wp-json\/wp\/v2\/comments?post=25060"}],"version-history":[{"count":5,"href":"https:\/\/epmgastech.com\/fr\/wp-json\/wp\/v2\/pages\/25060\/revisions"}],"predecessor-version":[{"id":39026,"href":"https:\/\/epmgastech.com\/fr\/wp-json\/wp\/v2\/pages\/25060\/revisions\/39026"}],"wp:attachment":[{"href":"https:\/\/epmgastech.com\/fr\/wp-json\/wp\/v2\/media?parent=25060"}],"curies":[{"name":"wp","href":"https:\/\/api.w.org\/{rel}","templated":true}]}}