{"id":20464,"date":"2023-04-17T12:12:56","date_gmt":"2023-04-17T11:12:56","guid":{"rendered":"https:\/\/epmgastech.com\/?page_id=20464"},"modified":"2023-04-17T12:12:57","modified_gmt":"2023-04-17T11:12:57","slug":"politique-de-cookies","status":"publish","type":"page","link":"https:\/\/epmgastech.com\/fr\/politique-de-cookies\/","title":{"rendered":"Politique de cookies"},"content":{"rendered":"\n<p>Le but de cette politique de cookies est d&rsquo;informer de mani\u00e8re claire et pr\u00e9cise sur les cookies qui sont utilis\u00e9s<br \/>sur notre site Internet.<\/p>\n<p>Nous utilisons nos propres cookies et ceux de tiers pour am\u00e9liorer nos services, personnaliser notre site Web, faciliter<br \/>navigation de nos utilisateurs, vous fournir une meilleure exp\u00e9rience dans l&rsquo;utilisation du site, identifier<br \/>probl\u00e8mes pour l&rsquo;am\u00e9liorer, faire des mesures et des statistiques d&rsquo;utilisation et vous montrer des publicit\u00e9s li\u00e9es \u00e0<br \/>vos pr\u00e9f\u00e9rences en analysant l&rsquo;utilisation du site Web.<\/p>\n<p>Nous vous informons que nous pouvons d\u00e9poser des cookies sur votre ordinateur \u00e0 condition que l&rsquo;utilisateur ait donn\u00e9 son<br \/>consentement, sauf dans les cas o\u00f9 les cookies sont n\u00e9cessaires \u00e0 la navigation sur notre<br \/>site Web. Si vous donnez votre consentement, nous pouvons utiliser des cookies qui nous permettent d&rsquo;avoir plus<br \/>informations sur vos pr\u00e9f\u00e9rences et personnaliser notre site Web en fonction de vos int\u00e9r\u00eats<br \/>individuel.<\/p>\n<p><strong>QU&rsquo;EST-CE QUE LES COOKIES ?<\/strong><\/p>\n<p>Les cookies et autres technologies similaires telles que les objets partag\u00e9s locaux, les cookies flash ou les pixels sont<br \/>outils utilis\u00e9s par les serveurs Web pour stocker et r\u00e9cup\u00e9rer des informations sur leur<br \/>visiteurs, ainsi que pour offrir un fonctionnement correct du site.<\/p>\n<p><strong>TYPES DE COOKIES<\/strong><\/p>\n<p>Types de cookies selon l&rsquo;entit\u00e9 qui les g\u00e8re :<\/p>\n<p><strong>Cookies propres\u00a0:<\/strong> ce sont ceux qui sont envoy\u00e9s \u00e0 l&rsquo;\u00e9quipement terminal de l&rsquo;utilisateur \u00e0 partir d&rsquo;un ordinateur ou d&rsquo;un domaine<br \/>g\u00e9r\u00e9 par le propri\u00e9taire du site Web et \u00e0 partir duquel le service demand\u00e9 par l&rsquo;utilisateur est fourni.<\/p>\n<p><strong>Cookies tiers :<\/strong> sont ceux qui sont envoy\u00e9s \u00e0 l&rsquo;\u00e9quipement terminal de l&rsquo;utilisateur \u00e0 partir d&rsquo;un ordinateur ou<br \/>domaine qui n&rsquo;est pas g\u00e9r\u00e9 par le propri\u00e9taire de la page Web \u00e0 partir de laquelle le service demand\u00e9 est fourni<br \/>par l&rsquo;utilisateur, mais par une autre entit\u00e9 qui traite les donn\u00e9es obtenues via les cookies. De m\u00eame, dans le<br \/>en cas d&rsquo;installation de cookies \u00e0 partir d&rsquo;un ordinateur ou d&rsquo;un domaine g\u00e9r\u00e9 par le propri\u00e9taire du<br \/>site Web mais les informations collect\u00e9es par leur interm\u00e9diaire sont g\u00e9r\u00e9es par un tiers, ils seront \u00e9galement<br \/>consid\u00e9r\u00e9s comme des cookies tiers.<\/p>\n<p><strong>Types de cookies selon la finalit\u00e9 :<\/strong><\/p>\n<p><strong>Cookies techniques :<\/strong> sont ceux qui permettent \u00e0 l&rsquo;utilisateur de naviguer sur une page web,<br \/>plate-forme ou application et l&rsquo;utilisation des diff\u00e9rentes options ou services qui y existent,<br \/>y compris ceux que l&rsquo;\u00e9diteur utilise pour permettre la gestion et le fonctionnement de la page Web et permettre<br \/>ses fonctions et services, tels que le contr\u00f4le du trafic et de la communication des donn\u00e9es, l&rsquo;identification des<br \/>session, acc\u00e9der \u00e0 des parties d&rsquo;acc\u00e8s restreint, m\u00e9moriser les \u00e9l\u00e9ments qui composent une commande, effectuer les<br \/>processus d&rsquo;achat d&rsquo;une commande, g\u00e9rer le paiement, lutter contre les fraudes li\u00e9es \u00e0 la s\u00e9curit\u00e9 des<br \/>service, faire la demande d&rsquo;inscription ou de participation \u00e0 un \u00e9v\u00e9nement, compter les visites pour les besoins du<br \/>facturation des licences du logiciel avec lequel le service fonctionne (site web, plateforme ou application),<\/p>\n<p>utiliser des \u00e9l\u00e9ments de s\u00e9curit\u00e9 lors de la navigation, stocker du contenu pour la diffusion de vid\u00e9os ou<br \/>son, activer le contenu dynamique (par exemple, charger l&rsquo;animation d&rsquo;un texte ou d&rsquo;une image) ou<br \/>partager du contenu via les r\u00e9seaux sociaux.<\/p>\n<p>Appartiennent \u00e9galement \u00e0 cette cat\u00e9gorie, en raison de leur nature technique, les cookies qui permettent la gestion,<br \/>de la mani\u00e8re la plus efficace possible, des espaces publicitaires qui, en tant qu&rsquo;\u00e9l\u00e9ment de design ou<br \/>\u00ab\u00a0mise en page\u00a0\u00bb du service propos\u00e9 \u00e0 l&rsquo;utilisateur, l&rsquo;\u00e9diteur a inclus dans une page web, une application ou<br \/>plate-forme bas\u00e9e sur des crit\u00e8res tels que le contenu \u00e9dit\u00e9, sans collecter d&rsquo;informations aupr\u00e8s des utilisateurs<br \/>\u00e0 des fins diff\u00e9rentes, telles que la personnalisation de ce contenu publicitaire ou d&rsquo;un autre contenu.<\/p>\n<p><strong>Cookies de pr\u00e9f\u00e9rences ou de personnalisation :<\/strong> sont ceux qui permettent de m\u00e9moriser des informations afin que le<br \/>l&rsquo;utilisateur acc\u00e8de au service avec certaines caract\u00e9ristiques qui peuvent diff\u00e9rencier son exp\u00e9rience du<br \/>d&rsquo;autres utilisateurs, comme la langue, le nombre de r\u00e9sultats \u00e0 afficher lorsque l&rsquo;utilisateur<br \/>effectue une recherche, l&rsquo;apparence ou le contenu du service en fonction du type de navigateur \u00e0 travers le<br \/>\u00e0 partir duquel l&rsquo;utilisateur acc\u00e8de au service ou la r\u00e9gion \u00e0 partir de laquelle l&rsquo;utilisateur acc\u00e8de au service, etc.<\/p>\n<p><strong>Cookies d&rsquo;analyse ou de mesure :<\/strong> sont ceux qui permettent \u00e0 leur responsable de surveiller et<br \/>analyse du comportement des utilisateurs des sites Web auxquels ils sont li\u00e9s, y compris la<br \/>quantification des impacts des publicit\u00e9s. Les informations collect\u00e9es via ce type de cookies sont<br \/>utilis\u00e9 pour mesurer l&rsquo;activit\u00e9 de sites Web, d&rsquo;applications ou de plates-formes, afin d&rsquo;introduire<br \/>am\u00e9liorations bas\u00e9es sur l&rsquo;analyse des donn\u00e9es d&rsquo;utilisation faites par les utilisateurs du service.<\/p>\n<p><strong>Cookies de publicit\u00e9 comportementale :<\/strong> sont ceux qui permettent la gestion, de la mani\u00e8re la plus efficace<br \/>possible, des espaces publicitaires pr\u00e9sents sur le site. Ces cookies stockent des informations sur le<br \/>comportement des utilisateurs obtenus gr\u00e2ce \u00e0 l&rsquo;observation continue de leurs habitudes de<br \/>la navigation, qui permet de d\u00e9velopper un profil sp\u00e9cifique pour afficher des publicit\u00e9s en fonction de celui-ci.<\/p>\n<p><strong>Cookies de g\u00e9olocalisation :<\/strong> ils sont utilis\u00e9s pour savoir o\u00f9 se trouve un utilisateur lorsqu&rsquo;il demande<br \/>un service. Ce cookie est anonyme et sert par exemple \u00e0 vous proposer les bonnes informations<br \/>selon le pays dans lequel vous vous trouvez.<\/p>\n<p>Types de cookies en fonction de la dur\u00e9e pendant laquelle ils restent activ\u00e9s\u00a0:<\/p>\n<p><strong>Cookies de session :<\/strong> sont ceux con\u00e7us pour collecter et stocker des donn\u00e9es pendant que l&rsquo;utilisateur acc\u00e8de<br \/>une page Web. Ils sont g\u00e9n\u00e9ralement utilis\u00e9s pour stocker des informations qui n&rsquo;ont d&rsquo;int\u00e9r\u00eat que pour le<br \/>fourniture du service demand\u00e9 par l&rsquo;utilisateur en une seule fois (par exemple, une liste de produits<br \/>acquis) et disparaissent \u00e0 la fin de la session.<\/p>\n<p><strong>Cookies persistants :<\/strong> sont ceux dans lesquels les donn\u00e9es sont encore stock\u00e9es dans le terminal et peuvent \u00eatre<br \/>consult\u00e9s et trait\u00e9s pendant une dur\u00e9e d\u00e9finie par le responsable du cookie, et qui peut aller d&rsquo;environ<br \/>minutes \u00e0 plusieurs ann\u00e9es.<\/p>\n<p>\u00a0<\/p>\n<p><strong>COMMENT LES COOKIES SONT-ILS D\u00c9SACTIV\u00c9S DANS LES NAVIGATEURS\u00a0?<\/strong><\/p>\n<p>L&rsquo;utilisateur peut, \u00e0 tout moment, autoriser, bloquer ou supprimer les cookies install\u00e9s sur son \u00e9quipement.<br \/>en modifiant les param\u00e8tres de configuration du navigateur install\u00e9 sur votre ordinateur :<\/p>\n<p>Param\u00e8tres Chrome -&gt; Afficher les options avanc\u00e9es -&gt; Confidentialit\u00e9 -&gt; Param\u00e8tres de contenu.<br \/>Pour plus d&rsquo;informations, vous pouvez consulter le support Google ou l&rsquo;aide du navigateur.<\/p>\n<p>Outils Edge -&gt; Options Internet -&gt; Confidentialit\u00e9 -&gt; Param\u00e8tres.<br \/>Pour plus d&rsquo;informations, vous pouvez consulter le support Microsoft ou l&rsquo;aide du navigateur.<\/p>\n<p>Firefox : Outils -&gt; Options -&gt; Confidentialit\u00e9 -&gt; Historique -&gt; Param\u00e8tres personnalis\u00e9s.<br \/>Pour plus d&rsquo;informations, vous pouvez consulter le support Mozilla ou l&rsquo;aide du navigateur.<\/p>\n<p>Pr\u00e9f\u00e9rences Safari -&gt; S\u00e9curit\u00e9.<br \/>Pour plus d&rsquo;informations, vous pouvez consulter le support Apple ou l&rsquo;aide du navigateur<\/p>\n<p>La d\u00e9sactivation des cookies n&#8217;emp\u00eache pas la navigation sur le site, bien que l&rsquo;utilisation de certains de ses<br \/>les services peuvent \u00eatre limit\u00e9s et, par cons\u00e9quent, votre exp\u00e9rience de navigation peut \u00eatre moins satisfaisante.<\/p>\n<p>\u00a0<\/p>\n<p><strong>RETIRER LE CONSENTEMENT<\/strong><\/p>\n<p>L&rsquo;utilisateur peut retirer \u00e0 tout moment son consentement relatif \u00e0 la politique de cookies et supprimer les cookies stock\u00e9s sur son \u00e9quipement via les param\u00e8tres et configurations de son navigateur Internet, indiqu\u00e9s ci-dessus, ainsi qu&rsquo;en acc\u00e9dant \u00e0 notre panneau de configuration.<\/p>\n<p>Cette politique de cookies peut \u00eatre modifi\u00e9e lorsque la l\u00e9gislation en vigueur l&rsquo;exige \u00e0 tout moment ou en cas de variation du type de cookies utilis\u00e9s sur le site Web. Pour cette raison, nous vous recommandons de consulter cette politique chaque fois que vous acc\u00e9dez \u00e0 notre site Web afin d&rsquo;\u00eatre correctement inform\u00e9 sur comment et pourquoi nous utilisons des cookies.<\/p>\n<p>04-12-2023 GLOBAL GAS TECHNOLOGY, SA<br \/>3 MORA, 52 \u2013 08918 BADALONA (Barcelone)<\/p>\n","protected":false},"excerpt":{"rendered":"<p>Le but de cette politique de cookies est d&rsquo;informer de mani\u00e8re claire et pr\u00e9cise sur les cookies qui sont utilis\u00e9ssur notre site Internet. Nous utilisons nos propres cookies et ceux de tiers pour am\u00e9liorer nos services, personnaliser notre site Web, faciliternavigation de nos utilisateurs, vous fournir une meilleure exp\u00e9rience dans l&rsquo;utilisation du site, identifierprobl\u00e8mes pour [&hellip;]<\/p>\n","protected":false},"author":1,"featured_media":0,"parent":0,"menu_order":0,"comment_status":"closed","ping_status":"closed","template":"","meta":[],"_links":{"self":[{"href":"https:\/\/epmgastech.com\/fr\/wp-json\/wp\/v2\/pages\/20464"}],"collection":[{"href":"https:\/\/epmgastech.com\/fr\/wp-json\/wp\/v2\/pages"}],"about":[{"href":"https:\/\/epmgastech.com\/fr\/wp-json\/wp\/v2\/types\/page"}],"author":[{"embeddable":true,"href":"https:\/\/epmgastech.com\/fr\/wp-json\/wp\/v2\/users\/1"}],"replies":[{"embeddable":true,"href":"https:\/\/epmgastech.com\/fr\/wp-json\/wp\/v2\/comments?post=20464"}],"version-history":[{"count":1,"href":"https:\/\/epmgastech.com\/fr\/wp-json\/wp\/v2\/pages\/20464\/revisions"}],"predecessor-version":[{"id":20465,"href":"https:\/\/epmgastech.com\/fr\/wp-json\/wp\/v2\/pages\/20464\/revisions\/20465"}],"wp:attachment":[{"href":"https:\/\/epmgastech.com\/fr\/wp-json\/wp\/v2\/media?parent=20464"}],"curies":[{"name":"wp","href":"https:\/\/api.w.org\/{rel}","templated":true}]}}